{"id":1915,"date":"2023-03-28T11:29:41","date_gmt":"2023-03-28T09:29:41","guid":{"rendered":"https:\/\/blackfriday.fuerte-group.com\/end\/"},"modified":"2025-12-01T15:04:05","modified_gmt":"2025-12-01T14:04:05","slug":"end","status":"publish","type":"page","link":"https:\/\/blackfriday.fuerte-group.com\/fr\/","title":{"rendered":"End"},"content":{"rendered":"\t\t<div data-elementor-type=\"wp-page\" data-elementor-id=\"1915\" class=\"elementor elementor-1915 elementor-1905\" data-elementor-post-type=\"page\">\n\t\t\t\t\t\t<section class=\"elementor-section elementor-top-section elementor-element elementor-element-1703ca5 fgh28f_main elementor-section-boxed elementor-section-height-default elementor-section-height-default\" data-id=\"1703ca5\" data-element_type=\"section\">\n\t\t\t\t\t\t<div class=\"elementor-container elementor-column-gap-default\">\n\t\t\t\t\t<div class=\"elementor-column elementor-col-100 elementor-top-column elementor-element elementor-element-28d87b1 fgh28f_main_image\" data-id=\"28d87b1\" data-element_type=\"column\">\n\t\t\t<div class=\"elementor-widget-wrap elementor-element-populated\">\n\t\t\t\t\t\t<div class=\"elementor-element elementor-element-0fd0af3 elementor-widget elementor-widget-image\" data-id=\"0fd0af3\" data-element_type=\"widget\" data-widget_type=\"image.default\">\n\t\t\t\t<div class=\"elementor-widget-container\">\n\t\t\t\t\t\t\t\t\t\t\t\t\t\t\t<img fetchpriority=\"high\" decoding=\"async\" width=\"972\" height=\"398\" src=\"https:\/\/blackfriday.fuerte-group.com\/wp-content\/uploads\/2025\/11\/bf-landing-compo-f2-de.png\" class=\"attachment-large size-large wp-image-4351\" alt=\"\" srcset=\"https:\/\/blackfriday.fuerte-group.com\/wp-content\/uploads\/2025\/11\/bf-landing-compo-f2-de.png 972w, https:\/\/blackfriday.fuerte-group.com\/wp-content\/uploads\/2025\/11\/bf-landing-compo-f2-de-300x123.png 300w, https:\/\/blackfriday.fuerte-group.com\/wp-content\/uploads\/2025\/11\/bf-landing-compo-f2-de-768x314.png 768w\" sizes=\"(max-width: 972px) 100vw, 972px\" \/>\t\t\t\t\t\t\t\t\t\t\t\t\t\t\t<\/div>\n\t\t\t\t<\/div>\n\t\t\t\t<div class=\"elementor-element elementor-element-d88fa1f elementor-countdown--label-block elementor-widget elementor-widget-countdown\" data-id=\"d88fa1f\" data-element_type=\"widget\" data-widget_type=\"countdown.default\">\n\t\t\t\t<div class=\"elementor-widget-container\">\n\t\t\t\t\t\t\t<div class=\"elementor-countdown-wrapper\" data-date=\"1777424611\">\n\t\t\t<div class=\"elementor-countdown-item\"><span class=\"elementor-countdown-digits elementor-countdown-days\"><\/span> <span class=\"elementor-countdown-label\">Jours<\/span><\/div><div class=\"elementor-countdown-item\"><span class=\"elementor-countdown-digits elementor-countdown-hours\"><\/span> <span class=\"elementor-countdown-label\">Heures<\/span><\/div><div class=\"elementor-countdown-item\"><span class=\"elementor-countdown-digits elementor-countdown-minutes\"><\/span> <span class=\"elementor-countdown-label\">Minutes<\/span><\/div><div class=\"elementor-countdown-item\"><span class=\"elementor-countdown-digits elementor-countdown-seconds\"><\/span> <span class=\"elementor-countdown-label\">Secondes<\/span><\/div>\t\t<\/div>\n\t\t\t\t\t\t<\/div>\n\t\t\t\t<\/div>\n\t\t\t\t<div class=\"elementor-element elementor-element-d716fa0 elementor-widget__width-initial elementor-widget elementor-widget-heading\" data-id=\"d716fa0\" data-element_type=\"widget\" data-widget_type=\"heading.default\">\n\t\t\t\t<div class=\"elementor-widget-container\">\n\t\t\t\t\t<h2 class=\"elementor-heading-title elementor-size-default\">D\u00e9sol\u00e9, l'offre a expir\u00e9 et n'est plus disponible.<\/h2>\t\t\t\t<\/div>\n\t\t\t\t<\/div>\n\t\t\t\t\t<\/div>\n\t\t<\/div>\n\t\t\t\t\t<\/div>\n\t\t<\/section>\n\t\t\t\t<\/div>\n\t\t","protected":false},"excerpt":{"rendered":"<p>D\u00edas Horas Minutos Segundos D\u00e9sol\u00e9, l&rsquo;offre a expir\u00e9 et n&rsquo;est plus disponible.<\/p>\n","protected":false},"author":2,"featured_media":0,"parent":0,"menu_order":0,"comment_status":"closed","ping_status":"closed","template":"","meta":{"site-sidebar-layout":"no-sidebar","site-content-layout":"page-builder","ast-site-content-layout":"full-width-container","site-content-style":"unboxed","site-sidebar-style":"unboxed","ast-global-header-display":"","ast-banner-title-visibility":"","ast-main-header-display":"","ast-hfb-above-header-display":"","ast-hfb-below-header-display":"","ast-hfb-mobile-header-display":"","site-post-title":"disabled","ast-breadcrumbs-content":"","ast-featured-img":"disabled","footer-sml-layout":"","theme-transparent-header-meta":"","adv-header-id-meta":"","stick-header-meta":"","header-above-stick-meta":"","header-main-stick-meta":"","header-below-stick-meta":"","astra-migrate-meta-layouts":"set","ast-page-background-enabled":"default","ast-page-background-meta":{"desktop":{"background-color":"var(--ast-global-color-4)","background-image":"","background-repeat":"repeat","background-position":"center center","background-size":"auto","background-attachment":"scroll","background-type":"","background-media":"","overlay-type":"","overlay-color":"","overlay-opacity":"","overlay-gradient":""},"tablet":{"background-color":"","background-image":"","background-repeat":"repeat","background-position":"center center","background-size":"auto","background-attachment":"scroll","background-type":"","background-media":"","overlay-type":"","overlay-color":"","overlay-opacity":"","overlay-gradient":""},"mobile":{"background-color":"","background-image":"","background-repeat":"repeat","background-position":"center center","background-size":"auto","background-attachment":"scroll","background-type":"","background-media":"","overlay-type":"","overlay-color":"","overlay-opacity":"","overlay-gradient":""}},"ast-content-background-meta":{"desktop":{"background-color":"var(--ast-global-color-5)","background-image":"","background-repeat":"repeat","background-position":"center center","background-size":"auto","background-attachment":"scroll","background-type":"","background-media":"","overlay-type":"","overlay-color":"","overlay-opacity":"","overlay-gradient":""},"tablet":{"background-color":"var(--ast-global-color-5)","background-image":"","background-repeat":"repeat","background-position":"center center","background-size":"auto","background-attachment":"scroll","background-type":"","background-media":"","overlay-type":"","overlay-color":"","overlay-opacity":"","overlay-gradient":""},"mobile":{"background-color":"var(--ast-global-color-5)","background-image":"","background-repeat":"repeat","background-position":"center center","background-size":"auto","background-attachment":"scroll","background-type":"","background-media":"","overlay-type":"","overlay-color":"","overlay-opacity":"","overlay-gradient":""}},"footnotes":""},"class_list":["post-1915","page","type-page","status-publish","hentry"],"yoast_head":"<!-- This site is optimized with the Yoast SEO plugin v26.3 - https:\/\/yoast.com\/wordpress\/plugins\/seo\/ -->\n<title>Black Friday | 25% de r\u00e9d. | Fuerte Group Hotels Spagne<\/title>\n<meta name=\"description\" content=\"R\u00e9servez au meilleur prix gr\u00e2ce \u00e0 notre offre Black Friday. Profitez d\u2019une remise r\u00e9elle de 25 %, voire davantage, et assurez-vous un s\u00e9jour avec des avantages exclusifs.\" \/>\n<meta name=\"robots\" content=\"noindex, follow, max-snippet:-1, max-image-preview:large, max-video-preview:-1\" \/>\n<meta property=\"og:locale\" content=\"fr_FR\" \/>\n<meta property=\"og:type\" content=\"article\" \/>\n<meta property=\"og:title\" content=\"Black Friday | 25% de r\u00e9d. | Fuerte Group Hotels Spagne\" \/>\n<meta property=\"og:description\" content=\"R\u00e9servez au meilleur prix gr\u00e2ce \u00e0 notre offre Black Friday. Profitez d\u2019une remise r\u00e9elle de 25 %, voire davantage, et assurez-vous un s\u00e9jour avec des avantages exclusifs.\" \/>\n<meta property=\"og:url\" content=\"https:\/\/blackfriday.fuerte-group.com\/fr\/\" \/>\n<meta property=\"og:site_name\" content=\"Black Friday - Fuerte Group Hotels\" \/>\n<meta property=\"article:modified_time\" content=\"2025-12-01T14:04:05+00:00\" \/>\n<meta property=\"og:image\" content=\"https:\/\/blackfriday.fuerte-group.com\/wp-content\/uploads\/2025\/11\/bf-landing-compo-f2-de.png\" \/>\n<meta name=\"twitter:card\" content=\"summary_large_image\" \/>\n<meta name=\"twitter:label1\" content=\"Dur\u00e9e de lecture estim\u00e9e\" \/>\n\t<meta name=\"twitter:data1\" content=\"1 minute\" \/>\n<script type=\"application\/ld+json\" class=\"yoast-schema-graph\">{\"@context\":\"https:\/\/schema.org\",\"@graph\":[{\"@type\":\"WebPage\",\"@id\":\"https:\/\/blackfriday.fuerte-group.com\/fr\/\",\"url\":\"https:\/\/blackfriday.fuerte-group.com\/fr\/\",\"name\":\"Black Friday | 25% de r\u00e9d. | Fuerte Group Hotels Spagne\",\"isPartOf\":{\"@id\":\"https:\/\/blackfriday.fuerte-group.com\/fr\/#website\"},\"primaryImageOfPage\":{\"@id\":\"https:\/\/blackfriday.fuerte-group.com\/fr\/#primaryimage\"},\"image\":{\"@id\":\"https:\/\/blackfriday.fuerte-group.com\/fr\/#primaryimage\"},\"thumbnailUrl\":\"https:\/\/blackfriday.fuerte-group.com\/wp-content\/uploads\/2025\/11\/bf-landing-compo-f2-de.png\",\"datePublished\":\"2023-03-28T09:29:41+00:00\",\"dateModified\":\"2025-12-01T14:04:05+00:00\",\"description\":\"R\u00e9servez au meilleur prix gr\u00e2ce \u00e0 notre offre Black Friday. Profitez d\u2019une remise r\u00e9elle de 25 %, voire davantage, et assurez-vous un s\u00e9jour avec des avantages exclusifs.\",\"breadcrumb\":{\"@id\":\"https:\/\/blackfriday.fuerte-group.com\/fr\/#breadcrumb\"},\"inLanguage\":\"fr-FR\",\"potentialAction\":[{\"@type\":\"ReadAction\",\"target\":[\"https:\/\/blackfriday.fuerte-group.com\/fr\/\"]}]},{\"@type\":\"ImageObject\",\"inLanguage\":\"fr-FR\",\"@id\":\"https:\/\/blackfriday.fuerte-group.com\/fr\/#primaryimage\",\"url\":\"https:\/\/blackfriday.fuerte-group.com\/wp-content\/uploads\/2025\/11\/bf-landing-compo-f2-de.png\",\"contentUrl\":\"https:\/\/blackfriday.fuerte-group.com\/wp-content\/uploads\/2025\/11\/bf-landing-compo-f2-de.png\"},{\"@type\":\"BreadcrumbList\",\"@id\":\"https:\/\/blackfriday.fuerte-group.com\/fr\/#breadcrumb\",\"itemListElement\":[{\"@type\":\"ListItem\",\"position\":1,\"name\":\"Portada\",\"item\":\"https:\/\/blackfriday.fuerte-group.com\/fr\/\"},{\"@type\":\"ListItem\",\"position\":2,\"name\":\"End\"}]},{\"@type\":\"WebSite\",\"@id\":\"https:\/\/blackfriday.fuerte-group.com\/fr\/#website\",\"url\":\"https:\/\/blackfriday.fuerte-group.com\/fr\/\",\"name\":\"Black Friday - Fuerte Group Hotels\",\"description\":\"\",\"potentialAction\":[{\"@type\":\"SearchAction\",\"target\":{\"@type\":\"EntryPoint\",\"urlTemplate\":\"https:\/\/blackfriday.fuerte-group.com\/fr\/?s={search_term_string}\"},\"query-input\":{\"@type\":\"PropertyValueSpecification\",\"valueRequired\":true,\"valueName\":\"search_term_string\"}}],\"inLanguage\":\"fr-FR\"}]}<\/script>\n<!-- \/ Yoast SEO plugin. -->","yoast_head_json":{"title":"Black Friday | 25% de r\u00e9d. | Fuerte Group Hotels Spagne","description":"R\u00e9servez au meilleur prix gr\u00e2ce \u00e0 notre offre Black Friday. Profitez d\u2019une remise r\u00e9elle de 25 %, voire davantage, et assurez-vous un s\u00e9jour avec des avantages exclusifs.","robots":{"index":"noindex","follow":"follow","max-snippet":"max-snippet:-1","max-image-preview":"max-image-preview:large","max-video-preview":"max-video-preview:-1"},"og_locale":"fr_FR","og_type":"article","og_title":"Black Friday | 25% de r\u00e9d. | Fuerte Group Hotels Spagne","og_description":"R\u00e9servez au meilleur prix gr\u00e2ce \u00e0 notre offre Black Friday. Profitez d\u2019une remise r\u00e9elle de 25 %, voire davantage, et assurez-vous un s\u00e9jour avec des avantages exclusifs.","og_url":"https:\/\/blackfriday.fuerte-group.com\/fr\/","og_site_name":"Black Friday - Fuerte Group Hotels","article_modified_time":"2025-12-01T14:04:05+00:00","og_image":[{"url":"https:\/\/blackfriday.fuerte-group.com\/wp-content\/uploads\/2025\/11\/bf-landing-compo-f2-de.png","type":"","width":"","height":""}],"twitter_card":"summary_large_image","twitter_misc":{"Dur\u00e9e de lecture estim\u00e9e":"1 minute"},"schema":{"@context":"https:\/\/schema.org","@graph":[{"@type":"WebPage","@id":"https:\/\/blackfriday.fuerte-group.com\/fr\/","url":"https:\/\/blackfriday.fuerte-group.com\/fr\/","name":"Black Friday | 25% de r\u00e9d. | Fuerte Group Hotels Spagne","isPartOf":{"@id":"https:\/\/blackfriday.fuerte-group.com\/fr\/#website"},"primaryImageOfPage":{"@id":"https:\/\/blackfriday.fuerte-group.com\/fr\/#primaryimage"},"image":{"@id":"https:\/\/blackfriday.fuerte-group.com\/fr\/#primaryimage"},"thumbnailUrl":"https:\/\/blackfriday.fuerte-group.com\/wp-content\/uploads\/2025\/11\/bf-landing-compo-f2-de.png","datePublished":"2023-03-28T09:29:41+00:00","dateModified":"2025-12-01T14:04:05+00:00","description":"R\u00e9servez au meilleur prix gr\u00e2ce \u00e0 notre offre Black Friday. Profitez d\u2019une remise r\u00e9elle de 25 %, voire davantage, et assurez-vous un s\u00e9jour avec des avantages exclusifs.","breadcrumb":{"@id":"https:\/\/blackfriday.fuerte-group.com\/fr\/#breadcrumb"},"inLanguage":"fr-FR","potentialAction":[{"@type":"ReadAction","target":["https:\/\/blackfriday.fuerte-group.com\/fr\/"]}]},{"@type":"ImageObject","inLanguage":"fr-FR","@id":"https:\/\/blackfriday.fuerte-group.com\/fr\/#primaryimage","url":"https:\/\/blackfriday.fuerte-group.com\/wp-content\/uploads\/2025\/11\/bf-landing-compo-f2-de.png","contentUrl":"https:\/\/blackfriday.fuerte-group.com\/wp-content\/uploads\/2025\/11\/bf-landing-compo-f2-de.png"},{"@type":"BreadcrumbList","@id":"https:\/\/blackfriday.fuerte-group.com\/fr\/#breadcrumb","itemListElement":[{"@type":"ListItem","position":1,"name":"Portada","item":"https:\/\/blackfriday.fuerte-group.com\/fr\/"},{"@type":"ListItem","position":2,"name":"End"}]},{"@type":"WebSite","@id":"https:\/\/blackfriday.fuerte-group.com\/fr\/#website","url":"https:\/\/blackfriday.fuerte-group.com\/fr\/","name":"Black Friday - Fuerte Group Hotels","description":"","potentialAction":[{"@type":"SearchAction","target":{"@type":"EntryPoint","urlTemplate":"https:\/\/blackfriday.fuerte-group.com\/fr\/?s={search_term_string}"},"query-input":{"@type":"PropertyValueSpecification","valueRequired":true,"valueName":"search_term_string"}}],"inLanguage":"fr-FR"}]}},"_links":{"self":[{"href":"https:\/\/blackfriday.fuerte-group.com\/fr\/wp-json\/wp\/v2\/pages\/1915","targetHints":{"allow":["GET"]}}],"collection":[{"href":"https:\/\/blackfriday.fuerte-group.com\/fr\/wp-json\/wp\/v2\/pages"}],"about":[{"href":"https:\/\/blackfriday.fuerte-group.com\/fr\/wp-json\/wp\/v2\/types\/page"}],"author":[{"embeddable":true,"href":"https:\/\/blackfriday.fuerte-group.com\/fr\/wp-json\/wp\/v2\/users\/2"}],"replies":[{"embeddable":true,"href":"https:\/\/blackfriday.fuerte-group.com\/fr\/wp-json\/wp\/v2\/comments?post=1915"}],"version-history":[{"count":4,"href":"https:\/\/blackfriday.fuerte-group.com\/fr\/wp-json\/wp\/v2\/pages\/1915\/revisions"}],"predecessor-version":[{"id":4534,"href":"https:\/\/blackfriday.fuerte-group.com\/fr\/wp-json\/wp\/v2\/pages\/1915\/revisions\/4534"}],"wp:attachment":[{"href":"https:\/\/blackfriday.fuerte-group.com\/fr\/wp-json\/wp\/v2\/media?parent=1915"}],"curies":[{"name":"wp","href":"https:\/\/api.w.org\/{rel}","templated":true}]}}