{"id":1916,"date":"2023-03-28T11:29:41","date_gmt":"2023-03-28T09:29:41","guid":{"rendered":"https:\/\/blackfriday.fuerte-group.com\/end\/"},"modified":"2025-12-01T15:04:50","modified_gmt":"2025-12-01T14:04:50","slug":"end","status":"publish","type":"page","link":"https:\/\/blackfriday.fuerte-group.com\/de\/","title":{"rendered":"End"},"content":{"rendered":"\t\t<div data-elementor-type=\"wp-page\" data-elementor-id=\"1916\" class=\"elementor elementor-1916 elementor-1905\" data-elementor-post-type=\"page\">\n\t\t\t\t\t\t<section class=\"elementor-section elementor-top-section elementor-element elementor-element-940e4f9 fgh28f_main elementor-section-boxed elementor-section-height-default elementor-section-height-default\" data-id=\"940e4f9\" data-element_type=\"section\">\n\t\t\t\t\t\t<div class=\"elementor-container elementor-column-gap-default\">\n\t\t\t\t\t<div class=\"elementor-column elementor-col-100 elementor-top-column elementor-element elementor-element-e4da897 fgh28f_main_image\" data-id=\"e4da897\" data-element_type=\"column\">\n\t\t\t<div class=\"elementor-widget-wrap elementor-element-populated\">\n\t\t\t\t\t\t<div class=\"elementor-element elementor-element-a1f875b elementor-widget elementor-widget-image\" data-id=\"a1f875b\" data-element_type=\"widget\" data-widget_type=\"image.default\">\n\t\t\t\t<div class=\"elementor-widget-container\">\n\t\t\t\t\t\t\t\t\t\t\t\t\t\t\t<img fetchpriority=\"high\" decoding=\"async\" width=\"972\" height=\"398\" src=\"https:\/\/blackfriday.fuerte-group.com\/wp-content\/uploads\/2025\/11\/bf-landing-compo-f2-de.png\" class=\"attachment-large size-large wp-image-4349\" alt=\"\" srcset=\"https:\/\/blackfriday.fuerte-group.com\/wp-content\/uploads\/2025\/11\/bf-landing-compo-f2-de.png 972w, https:\/\/blackfriday.fuerte-group.com\/wp-content\/uploads\/2025\/11\/bf-landing-compo-f2-de-300x123.png 300w, https:\/\/blackfriday.fuerte-group.com\/wp-content\/uploads\/2025\/11\/bf-landing-compo-f2-de-768x314.png 768w\" sizes=\"(max-width: 972px) 100vw, 972px\" \/>\t\t\t\t\t\t\t\t\t\t\t\t\t\t\t<\/div>\n\t\t\t\t<\/div>\n\t\t\t\t<div class=\"elementor-element elementor-element-9b283bb elementor-countdown--label-block elementor-widget elementor-widget-countdown\" data-id=\"9b283bb\" data-element_type=\"widget\" data-widget_type=\"countdown.default\">\n\t\t\t\t<div class=\"elementor-widget-container\">\n\t\t\t\t\t\t\t<div class=\"elementor-countdown-wrapper\" data-date=\"1776690191\">\n\t\t\t<div class=\"elementor-countdown-item\"><span class=\"elementor-countdown-digits elementor-countdown-days\"><\/span> <span class=\"elementor-countdown-label\">Tage<\/span><\/div><div class=\"elementor-countdown-item\"><span class=\"elementor-countdown-digits elementor-countdown-hours\"><\/span> <span class=\"elementor-countdown-label\">Stunden<\/span><\/div><div class=\"elementor-countdown-item\"><span class=\"elementor-countdown-digits elementor-countdown-minutes\"><\/span> <span class=\"elementor-countdown-label\">Minuten<\/span><\/div><div class=\"elementor-countdown-item\"><span class=\"elementor-countdown-digits elementor-countdown-seconds\"><\/span> <span class=\"elementor-countdown-label\">Sekunden<\/span><\/div>\t\t<\/div>\n\t\t\t\t\t\t<\/div>\n\t\t\t\t<\/div>\n\t\t\t\t<div class=\"elementor-element elementor-element-f140d39 elementor-widget__width-initial elementor-widget elementor-widget-heading\" data-id=\"f140d39\" data-element_type=\"widget\" data-widget_type=\"heading.default\">\n\t\t\t\t<div class=\"elementor-widget-container\">\n\t\t\t\t\t<h2 class=\"elementor-heading-title elementor-size-default\">Entschuldigung, das Angebot ist abgelaufen und nicht mehr verf\u00fcgbar.<\/h2>\t\t\t\t<\/div>\n\t\t\t\t<\/div>\n\t\t\t\t\t<\/div>\n\t\t<\/div>\n\t\t\t\t\t<\/div>\n\t\t<\/section>\n\t\t\t\t<\/div>\n\t\t","protected":false},"excerpt":{"rendered":"<p>D\u00edas Horas Minutos Segundos Entschuldigung, das Angebot ist abgelaufen und nicht mehr verf\u00fcgbar.<\/p>\n","protected":false},"author":2,"featured_media":0,"parent":0,"menu_order":0,"comment_status":"closed","ping_status":"closed","template":"","meta":{"site-sidebar-layout":"no-sidebar","site-content-layout":"page-builder","ast-site-content-layout":"full-width-container","site-content-style":"unboxed","site-sidebar-style":"unboxed","ast-global-header-display":"","ast-banner-title-visibility":"","ast-main-header-display":"","ast-hfb-above-header-display":"","ast-hfb-below-header-display":"","ast-hfb-mobile-header-display":"","site-post-title":"disabled","ast-breadcrumbs-content":"","ast-featured-img":"disabled","footer-sml-layout":"","theme-transparent-header-meta":"","adv-header-id-meta":"","stick-header-meta":"","header-above-stick-meta":"","header-main-stick-meta":"","header-below-stick-meta":"","astra-migrate-meta-layouts":"set","ast-page-background-enabled":"default","ast-page-background-meta":{"desktop":{"background-color":"var(--ast-global-color-4)","background-image":"","background-repeat":"repeat","background-position":"center center","background-size":"auto","background-attachment":"scroll","background-type":"","background-media":"","overlay-type":"","overlay-color":"","overlay-opacity":"","overlay-gradient":""},"tablet":{"background-color":"","background-image":"","background-repeat":"repeat","background-position":"center center","background-size":"auto","background-attachment":"scroll","background-type":"","background-media":"","overlay-type":"","overlay-color":"","overlay-opacity":"","overlay-gradient":""},"mobile":{"background-color":"","background-image":"","background-repeat":"repeat","background-position":"center center","background-size":"auto","background-attachment":"scroll","background-type":"","background-media":"","overlay-type":"","overlay-color":"","overlay-opacity":"","overlay-gradient":""}},"ast-content-background-meta":{"desktop":{"background-color":"var(--ast-global-color-5)","background-image":"","background-repeat":"repeat","background-position":"center center","background-size":"auto","background-attachment":"scroll","background-type":"","background-media":"","overlay-type":"","overlay-color":"","overlay-opacity":"","overlay-gradient":""},"tablet":{"background-color":"var(--ast-global-color-5)","background-image":"","background-repeat":"repeat","background-position":"center center","background-size":"auto","background-attachment":"scroll","background-type":"","background-media":"","overlay-type":"","overlay-color":"","overlay-opacity":"","overlay-gradient":""},"mobile":{"background-color":"var(--ast-global-color-5)","background-image":"","background-repeat":"repeat","background-position":"center center","background-size":"auto","background-attachment":"scroll","background-type":"","background-media":"","overlay-type":"","overlay-color":"","overlay-opacity":"","overlay-gradient":""}},"footnotes":""},"class_list":["post-1916","page","type-page","status-publish","hentry"],"yoast_head":"<!-- This site is optimized with the Yoast SEO plugin v26.3 - https:\/\/yoast.com\/wordpress\/plugins\/seo\/ -->\n<title>Schwarzer Freitag | 25% Rabatt oder mehr | Fuerte Group Hotels Spanien<\/title>\n<meta name=\"description\" content=\"Buchen Sie zum besten Preis mit unserem Schwarzer Freitag-Angebot. Sichern Sie sich einen tats\u00e4chlichen Rabatt von 25 % oder sogar mehr und genie\u00dfen Sie exklusive Vorteile w\u00e4hrend Ihres Aufenthalts.\" \/>\n<meta name=\"robots\" content=\"noindex, follow, max-snippet:-1, max-image-preview:large, max-video-preview:-1\" \/>\n<meta property=\"og:locale\" content=\"de_DE\" \/>\n<meta property=\"og:type\" content=\"article\" \/>\n<meta property=\"og:title\" content=\"Schwarzer Freitag | 25% Rabatt oder mehr | Fuerte Group Hotels Spanien\" \/>\n<meta property=\"og:description\" content=\"Buchen Sie zum besten Preis mit unserem Schwarzer Freitag-Angebot. Sichern Sie sich einen tats\u00e4chlichen Rabatt von 25 % oder sogar mehr und genie\u00dfen Sie exklusive Vorteile w\u00e4hrend Ihres Aufenthalts.\" \/>\n<meta property=\"og:url\" content=\"https:\/\/blackfriday.fuerte-group.com\/de\/\" \/>\n<meta property=\"og:site_name\" content=\"Black Friday - Fuerte Group Hotels\" \/>\n<meta property=\"article:modified_time\" content=\"2025-12-01T14:04:50+00:00\" \/>\n<meta property=\"og:image\" content=\"https:\/\/blackfriday.fuerte-group.com\/wp-content\/uploads\/2025\/11\/bf-landing-compo-f2-de.png\" \/>\n<meta name=\"twitter:card\" content=\"summary_large_image\" \/>\n<meta name=\"twitter:label1\" content=\"Gesch\u00e4tzte Lesezeit\" \/>\n\t<meta name=\"twitter:data1\" content=\"1\u00a0Minute\" \/>\n<script type=\"application\/ld+json\" class=\"yoast-schema-graph\">{\"@context\":\"https:\/\/schema.org\",\"@graph\":[{\"@type\":\"WebPage\",\"@id\":\"https:\/\/blackfriday.fuerte-group.com\/de\/\",\"url\":\"https:\/\/blackfriday.fuerte-group.com\/de\/\",\"name\":\"Schwarzer Freitag | 25% Rabatt oder mehr | Fuerte Group Hotels Spanien\",\"isPartOf\":{\"@id\":\"https:\/\/blackfriday.fuerte-group.com\/de\/#website\"},\"primaryImageOfPage\":{\"@id\":\"https:\/\/blackfriday.fuerte-group.com\/de\/#primaryimage\"},\"image\":{\"@id\":\"https:\/\/blackfriday.fuerte-group.com\/de\/#primaryimage\"},\"thumbnailUrl\":\"https:\/\/blackfriday.fuerte-group.com\/wp-content\/uploads\/2025\/11\/bf-landing-compo-f2-de.png\",\"datePublished\":\"2023-03-28T09:29:41+00:00\",\"dateModified\":\"2025-12-01T14:04:50+00:00\",\"description\":\"Buchen Sie zum besten Preis mit unserem Schwarzer Freitag-Angebot. Sichern Sie sich einen tats\u00e4chlichen Rabatt von 25 % oder sogar mehr und genie\u00dfen Sie exklusive Vorteile w\u00e4hrend Ihres Aufenthalts.\",\"breadcrumb\":{\"@id\":\"https:\/\/blackfriday.fuerte-group.com\/de\/#breadcrumb\"},\"inLanguage\":\"de\",\"potentialAction\":[{\"@type\":\"ReadAction\",\"target\":[\"https:\/\/blackfriday.fuerte-group.com\/de\/\"]}]},{\"@type\":\"ImageObject\",\"inLanguage\":\"de\",\"@id\":\"https:\/\/blackfriday.fuerte-group.com\/de\/#primaryimage\",\"url\":\"https:\/\/blackfriday.fuerte-group.com\/wp-content\/uploads\/2025\/11\/bf-landing-compo-f2-de.png\",\"contentUrl\":\"https:\/\/blackfriday.fuerte-group.com\/wp-content\/uploads\/2025\/11\/bf-landing-compo-f2-de.png\"},{\"@type\":\"BreadcrumbList\",\"@id\":\"https:\/\/blackfriday.fuerte-group.com\/de\/#breadcrumb\",\"itemListElement\":[{\"@type\":\"ListItem\",\"position\":1,\"name\":\"Portada\",\"item\":\"https:\/\/blackfriday.fuerte-group.com\/de\/\"},{\"@type\":\"ListItem\",\"position\":2,\"name\":\"End\"}]},{\"@type\":\"WebSite\",\"@id\":\"https:\/\/blackfriday.fuerte-group.com\/de\/#website\",\"url\":\"https:\/\/blackfriday.fuerte-group.com\/de\/\",\"name\":\"Black Friday - Fuerte Group Hotels\",\"description\":\"\",\"potentialAction\":[{\"@type\":\"SearchAction\",\"target\":{\"@type\":\"EntryPoint\",\"urlTemplate\":\"https:\/\/blackfriday.fuerte-group.com\/de\/?s={search_term_string}\"},\"query-input\":{\"@type\":\"PropertyValueSpecification\",\"valueRequired\":true,\"valueName\":\"search_term_string\"}}],\"inLanguage\":\"de\"}]}<\/script>\n<!-- \/ Yoast SEO plugin. -->","yoast_head_json":{"title":"Schwarzer Freitag | 25% Rabatt oder mehr | Fuerte Group Hotels Spanien","description":"Buchen Sie zum besten Preis mit unserem Schwarzer Freitag-Angebot. Sichern Sie sich einen tats\u00e4chlichen Rabatt von 25 % oder sogar mehr und genie\u00dfen Sie exklusive Vorteile w\u00e4hrend Ihres Aufenthalts.","robots":{"index":"noindex","follow":"follow","max-snippet":"max-snippet:-1","max-image-preview":"max-image-preview:large","max-video-preview":"max-video-preview:-1"},"og_locale":"de_DE","og_type":"article","og_title":"Schwarzer Freitag | 25% Rabatt oder mehr | Fuerte Group Hotels Spanien","og_description":"Buchen Sie zum besten Preis mit unserem Schwarzer Freitag-Angebot. Sichern Sie sich einen tats\u00e4chlichen Rabatt von 25 % oder sogar mehr und genie\u00dfen Sie exklusive Vorteile w\u00e4hrend Ihres Aufenthalts.","og_url":"https:\/\/blackfriday.fuerte-group.com\/de\/","og_site_name":"Black Friday - Fuerte Group Hotels","article_modified_time":"2025-12-01T14:04:50+00:00","og_image":[{"url":"https:\/\/blackfriday.fuerte-group.com\/wp-content\/uploads\/2025\/11\/bf-landing-compo-f2-de.png","type":"","width":"","height":""}],"twitter_card":"summary_large_image","twitter_misc":{"Gesch\u00e4tzte Lesezeit":"1\u00a0Minute"},"schema":{"@context":"https:\/\/schema.org","@graph":[{"@type":"WebPage","@id":"https:\/\/blackfriday.fuerte-group.com\/de\/","url":"https:\/\/blackfriday.fuerte-group.com\/de\/","name":"Schwarzer Freitag | 25% Rabatt oder mehr | Fuerte Group Hotels Spanien","isPartOf":{"@id":"https:\/\/blackfriday.fuerte-group.com\/de\/#website"},"primaryImageOfPage":{"@id":"https:\/\/blackfriday.fuerte-group.com\/de\/#primaryimage"},"image":{"@id":"https:\/\/blackfriday.fuerte-group.com\/de\/#primaryimage"},"thumbnailUrl":"https:\/\/blackfriday.fuerte-group.com\/wp-content\/uploads\/2025\/11\/bf-landing-compo-f2-de.png","datePublished":"2023-03-28T09:29:41+00:00","dateModified":"2025-12-01T14:04:50+00:00","description":"Buchen Sie zum besten Preis mit unserem Schwarzer Freitag-Angebot. Sichern Sie sich einen tats\u00e4chlichen Rabatt von 25 % oder sogar mehr und genie\u00dfen Sie exklusive Vorteile w\u00e4hrend Ihres Aufenthalts.","breadcrumb":{"@id":"https:\/\/blackfriday.fuerte-group.com\/de\/#breadcrumb"},"inLanguage":"de","potentialAction":[{"@type":"ReadAction","target":["https:\/\/blackfriday.fuerte-group.com\/de\/"]}]},{"@type":"ImageObject","inLanguage":"de","@id":"https:\/\/blackfriday.fuerte-group.com\/de\/#primaryimage","url":"https:\/\/blackfriday.fuerte-group.com\/wp-content\/uploads\/2025\/11\/bf-landing-compo-f2-de.png","contentUrl":"https:\/\/blackfriday.fuerte-group.com\/wp-content\/uploads\/2025\/11\/bf-landing-compo-f2-de.png"},{"@type":"BreadcrumbList","@id":"https:\/\/blackfriday.fuerte-group.com\/de\/#breadcrumb","itemListElement":[{"@type":"ListItem","position":1,"name":"Portada","item":"https:\/\/blackfriday.fuerte-group.com\/de\/"},{"@type":"ListItem","position":2,"name":"End"}]},{"@type":"WebSite","@id":"https:\/\/blackfriday.fuerte-group.com\/de\/#website","url":"https:\/\/blackfriday.fuerte-group.com\/de\/","name":"Black Friday - Fuerte Group Hotels","description":"","potentialAction":[{"@type":"SearchAction","target":{"@type":"EntryPoint","urlTemplate":"https:\/\/blackfriday.fuerte-group.com\/de\/?s={search_term_string}"},"query-input":{"@type":"PropertyValueSpecification","valueRequired":true,"valueName":"search_term_string"}}],"inLanguage":"de"}]}},"_links":{"self":[{"href":"https:\/\/blackfriday.fuerte-group.com\/de\/wp-json\/wp\/v2\/pages\/1916","targetHints":{"allow":["GET"]}}],"collection":[{"href":"https:\/\/blackfriday.fuerte-group.com\/de\/wp-json\/wp\/v2\/pages"}],"about":[{"href":"https:\/\/blackfriday.fuerte-group.com\/de\/wp-json\/wp\/v2\/types\/page"}],"author":[{"embeddable":true,"href":"https:\/\/blackfriday.fuerte-group.com\/de\/wp-json\/wp\/v2\/users\/2"}],"replies":[{"embeddable":true,"href":"https:\/\/blackfriday.fuerte-group.com\/de\/wp-json\/wp\/v2\/comments?post=1916"}],"version-history":[{"count":4,"href":"https:\/\/blackfriday.fuerte-group.com\/de\/wp-json\/wp\/v2\/pages\/1916\/revisions"}],"predecessor-version":[{"id":4536,"href":"https:\/\/blackfriday.fuerte-group.com\/de\/wp-json\/wp\/v2\/pages\/1916\/revisions\/4536"}],"wp:attachment":[{"href":"https:\/\/blackfriday.fuerte-group.com\/de\/wp-json\/wp\/v2\/media?parent=1916"}],"curies":[{"name":"wp","href":"https:\/\/api.w.org\/{rel}","templated":true}]}}